{"id":17,"date":"2026-02-18T16:54:00","date_gmt":"2026-02-18T16:54:00","guid":{"rendered":"https:\/\/digiteamerica.com\/es\/?page_id=17"},"modified":"2026-04-10T14:41:03","modified_gmt":"2026-04-10T14:41:03","slug":"politicas-de-cookies","status":"publish","type":"page","link":"https:\/\/digiteamerica.com\/es\/politicas-de-cookies\/","title":{"rendered":"Pol\u00edticas de Cookies"},"content":{"rendered":"\t\t<div data-elementor-type=\"wp-page\" data-elementor-id=\"17\" class=\"elementor elementor-17\" data-elementor-post-type=\"page\">\n\t\t\t\t<div class=\"elementor-element elementor-element-59f6b5c e-flex e-con-boxed e-con e-parent\" data-id=\"59f6b5c\" data-element_type=\"container\" data-e-type=\"container\" data-settings=\"{&quot;background_background&quot;:&quot;classic&quot;}\">\n\t\t\t\t\t<div class=\"e-con-inner\">\n\t\t\t\t<div class=\"elementor-element elementor-element-10232cf elementor-widget elementor-widget-text-editor\" data-id=\"10232cf\" data-element_type=\"widget\" data-e-type=\"widget\" data-widget_type=\"text-editor.default\">\n\t\t\t\t\t\t\t\t\t<h2 data-start=\"0\" data-end=\"19\">Pol\u00edtica de Cookies<\/h2><p data-start=\"21\" data-end=\"64\">\u00daltima actualizaci\u00f3n: 24 de febrero de 2026<\/p><ol data-start=\"66\" data-end=\"88\"><li data-section-id=\"dgl2mk\" data-start=\"66\" data-end=\"88\">Qu\u00e9 Son las Cookies<\/li><\/ol><p data-start=\"90\" data-end=\"236\">Las cookies son peque\u00f1os archivos de texto almacenados en su dispositivo para mejorar la funcionalidad del sitio web y la experiencia del usuario.<\/p><ol start=\"2\" data-start=\"238\" data-end=\"293\"><li data-section-id=\"1lxy8i1\" data-start=\"238\" data-end=\"293\">Tipos de Cookies que Utilizamos<br data-start=\"272\" data-end=\"275\" \/>Cookies Esenciales<\/li><\/ol><p data-start=\"295\" data-end=\"350\">Necesarias para el funcionamiento b\u00e1sico del sitio web.<\/p><p data-start=\"352\" data-end=\"374\">Cookies de Rendimiento<\/p><p data-start=\"376\" data-end=\"428\">Ayudan a analizar el tr\u00e1fico y el uso del sitio web.<\/p><p data-start=\"430\" data-end=\"449\">Cookies Funcionales<\/p><p data-start=\"451\" data-end=\"490\">Almacenan las preferencias del usuario.<\/p><p data-start=\"492\" data-end=\"512\">Cookies de Marketing<\/p><p data-start=\"514\" data-end=\"564\">Se utilizan con fines de publicidad y remarketing.<\/p><ol start=\"3\" data-start=\"566\" data-end=\"588\"><li data-section-id=\"koh1np\" data-start=\"566\" data-end=\"588\">Cookies de Terceros<\/li><\/ol><p data-start=\"590\" data-end=\"727\">Podemos utilizar servicios de terceros, como proveedores de anal\u00edtica o plataformas publicitarias, que colocan cookies en su dispositivo.<\/p><ol start=\"4\" data-start=\"729\" data-end=\"750\"><li data-section-id=\"1ub2w2g\" data-start=\"729\" data-end=\"750\">Gesti\u00f3n de Cookies<\/li><\/ol><p data-start=\"752\" data-end=\"933\">Puede deshabilitar las cookies desde la configuraci\u00f3n de su navegador. Es posible que algunas funciones del sitio web no funcionen correctamente si las cookies est\u00e1n deshabilitadas.<\/p><ol start=\"5\" data-start=\"935\" data-end=\"952\"><li data-section-id=\"121i8ml\" data-start=\"935\" data-end=\"952\">Consentimiento<\/li><\/ol><p data-start=\"954\" data-end=\"1035\" data-is-last-node=\"\" data-is-only-node=\"\">Al continuar navegando en nuestro sitio web, usted acepta nuestro uso de cookies.<\/p>\t\t\t\t\t\t\t\t<\/div>\n\t\t\t\t\t<\/div>\n\t\t\t\t<\/div>\n\t\t\t\t<\/div>\n\t\t","protected":false},"excerpt":{"rendered":"<p>Pol\u00edtica de Cookies \u00daltima actualizaci\u00f3n: 24 de febrero de 2026 Qu\u00e9 Son las Cookies Las cookies son peque\u00f1os archivos de texto almacenados en su dispositivo para mejorar la funcionalidad del sitio web y la experiencia del usuario. Tipos de Cookies que UtilizamosCookies Esenciales Necesarias para el funcionamiento b\u00e1sico del sitio web. Cookies de Rendimiento Ayudan [&hellip;]<\/p>\n","protected":false},"author":1,"featured_media":0,"parent":0,"menu_order":0,"comment_status":"closed","ping_status":"closed","template":"","meta":{"footnotes":""},"class_list":["post-17","page","type-page","status-publish","hentry"],"blocksy_meta":[],"yoast_head":"<!-- This site is optimized with the Yoast SEO plugin v27.4 - https:\/\/yoast.com\/product\/yoast-seo-wordpress\/ -->\n<title>Pol\u00edticas de Cookies - DIGI TEAM AMERICA 2026<\/title>\n<meta name=\"robots\" content=\"index, follow, max-snippet:-1, max-image-preview:large, max-video-preview:-1\" \/>\n<link rel=\"canonical\" href=\"https:\/\/digiteamerica.com\/es\/politicas-de-cookies\/\" \/>\n<meta property=\"og:locale\" content=\"es_ES\" \/>\n<meta property=\"og:type\" content=\"article\" \/>\n<meta property=\"og:title\" content=\"Pol\u00edticas de Cookies - DIGI TEAM AMERICA 2026\" \/>\n<meta property=\"og:description\" content=\"Pol\u00edtica de Cookies \u00daltima actualizaci\u00f3n: 24 de febrero de 2026 Qu\u00e9 Son las Cookies Las cookies son peque\u00f1os archivos de texto almacenados en su dispositivo para mejorar la funcionalidad del sitio web y la experiencia del usuario. Tipos de Cookies que UtilizamosCookies Esenciales Necesarias para el funcionamiento b\u00e1sico del sitio web. Cookies de Rendimiento Ayudan [&hellip;]\" \/>\n<meta property=\"og:url\" content=\"https:\/\/digiteamerica.com\/es\/politicas-de-cookies\/\" \/>\n<meta property=\"og:site_name\" content=\"DIGI TEAM AMERICA 2026\" \/>\n<meta property=\"article:publisher\" content=\"https:\/\/www.facebook.com\/agenciamarketingdigitaldta\" \/>\n<meta property=\"article:modified_time\" content=\"2026-04-10T14:41:03+00:00\" \/>\n<meta name=\"twitter:card\" content=\"summary_large_image\" \/>\n<meta name=\"twitter:label1\" content=\"Tiempo de lectura\" \/>\n\t<meta name=\"twitter:data1\" content=\"1 minuto\" \/>\n<script type=\"application\/ld+json\" class=\"yoast-schema-graph\">{\"@context\":\"https:\\\/\\\/schema.org\",\"@graph\":[{\"@type\":\"WebPage\",\"@id\":\"https:\\\/\\\/digiteamerica.com\\\/es\\\/politicas-de-cookies\\\/\",\"url\":\"https:\\\/\\\/digiteamerica.com\\\/es\\\/politicas-de-cookies\\\/\",\"name\":\"Pol\u00edticas de Cookies - DIGI TEAM AMERICA 2026\",\"isPartOf\":{\"@id\":\"https:\\\/\\\/digiteamerica.com\\\/es\\\/#website\"},\"datePublished\":\"2026-02-18T16:54:00+00:00\",\"dateModified\":\"2026-04-10T14:41:03+00:00\",\"breadcrumb\":{\"@id\":\"https:\\\/\\\/digiteamerica.com\\\/es\\\/politicas-de-cookies\\\/#breadcrumb\"},\"inLanguage\":\"es\",\"potentialAction\":[{\"@type\":\"ReadAction\",\"target\":[\"https:\\\/\\\/digiteamerica.com\\\/es\\\/politicas-de-cookies\\\/\"]}]},{\"@type\":\"BreadcrumbList\",\"@id\":\"https:\\\/\\\/digiteamerica.com\\\/es\\\/politicas-de-cookies\\\/#breadcrumb\",\"itemListElement\":[{\"@type\":\"ListItem\",\"position\":1,\"name\":\"Home\",\"item\":\"https:\\\/\\\/digiteamerica.com\\\/es\\\/\"},{\"@type\":\"ListItem\",\"position\":2,\"name\":\"Pol\u00edticas de Cookies\"}]},{\"@type\":\"WebSite\",\"@id\":\"https:\\\/\\\/digiteamerica.com\\\/es\\\/#website\",\"url\":\"https:\\\/\\\/digiteamerica.com\\\/es\\\/\",\"name\":\"DIGI TEAM AMERICA 2026\",\"description\":\"\",\"publisher\":{\"@id\":\"https:\\\/\\\/digiteamerica.com\\\/es\\\/#organization\"},\"potentialAction\":[{\"@type\":\"SearchAction\",\"target\":{\"@type\":\"EntryPoint\",\"urlTemplate\":\"https:\\\/\\\/digiteamerica.com\\\/es\\\/?s={search_term_string}\"},\"query-input\":{\"@type\":\"PropertyValueSpecification\",\"valueRequired\":true,\"valueName\":\"search_term_string\"}}],\"inLanguage\":\"es\"},{\"@type\":\"Organization\",\"@id\":\"https:\\\/\\\/digiteamerica.com\\\/es\\\/#organization\",\"name\":\"DIGI TEAM AMERICA 2026\",\"url\":\"https:\\\/\\\/digiteamerica.com\\\/es\\\/\",\"logo\":{\"@type\":\"ImageObject\",\"inLanguage\":\"es\",\"@id\":\"https:\\\/\\\/digiteamerica.com\\\/es\\\/#\\\/schema\\\/logo\\\/image\\\/\",\"url\":\"https:\\\/\\\/digiteamerica.com\\\/es\\\/wp-content\\\/uploads\\\/2026\\\/02\\\/Recurso-1-8.png\",\"contentUrl\":\"https:\\\/\\\/digiteamerica.com\\\/es\\\/wp-content\\\/uploads\\\/2026\\\/02\\\/Recurso-1-8.png\",\"width\":866,\"height\":224,\"caption\":\"DIGI TEAM AMERICA 2026\"},\"image\":{\"@id\":\"https:\\\/\\\/digiteamerica.com\\\/es\\\/#\\\/schema\\\/logo\\\/image\\\/\"},\"sameAs\":[\"https:\\\/\\\/www.facebook.com\\\/agenciamarketingdigitaldta\",\"https:\\\/\\\/www.tiktok.com\\\/@dtamarketing360\",\"https:\\\/\\\/www.linkedin.com\\\/company\\\/dtamarketing360\",\"https:\\\/\\\/www.instagram.com\\\/dtamarketing360\",\"https:\\\/\\\/www.youtube.com\\\/channel\\\/UC2Z0PgYlLFz6x1nfoXWktKg\"]}]}<\/script>\n<!-- \/ Yoast SEO plugin. -->","yoast_head_json":{"title":"Pol\u00edticas de Cookies - DIGI TEAM AMERICA 2026","robots":{"index":"index","follow":"follow","max-snippet":"max-snippet:-1","max-image-preview":"max-image-preview:large","max-video-preview":"max-video-preview:-1"},"canonical":"https:\/\/digiteamerica.com\/es\/politicas-de-cookies\/","og_locale":"es_ES","og_type":"article","og_title":"Pol\u00edticas de Cookies - DIGI TEAM AMERICA 2026","og_description":"Pol\u00edtica de Cookies \u00daltima actualizaci\u00f3n: 24 de febrero de 2026 Qu\u00e9 Son las Cookies Las cookies son peque\u00f1os archivos de texto almacenados en su dispositivo para mejorar la funcionalidad del sitio web y la experiencia del usuario. Tipos de Cookies que UtilizamosCookies Esenciales Necesarias para el funcionamiento b\u00e1sico del sitio web. Cookies de Rendimiento Ayudan [&hellip;]","og_url":"https:\/\/digiteamerica.com\/es\/politicas-de-cookies\/","og_site_name":"DIGI TEAM AMERICA 2026","article_publisher":"https:\/\/www.facebook.com\/agenciamarketingdigitaldta","article_modified_time":"2026-04-10T14:41:03+00:00","twitter_card":"summary_large_image","twitter_misc":{"Tiempo de lectura":"1 minuto"},"schema":{"@context":"https:\/\/schema.org","@graph":[{"@type":"WebPage","@id":"https:\/\/digiteamerica.com\/es\/politicas-de-cookies\/","url":"https:\/\/digiteamerica.com\/es\/politicas-de-cookies\/","name":"Pol\u00edticas de Cookies - DIGI TEAM AMERICA 2026","isPartOf":{"@id":"https:\/\/digiteamerica.com\/es\/#website"},"datePublished":"2026-02-18T16:54:00+00:00","dateModified":"2026-04-10T14:41:03+00:00","breadcrumb":{"@id":"https:\/\/digiteamerica.com\/es\/politicas-de-cookies\/#breadcrumb"},"inLanguage":"es","potentialAction":[{"@type":"ReadAction","target":["https:\/\/digiteamerica.com\/es\/politicas-de-cookies\/"]}]},{"@type":"BreadcrumbList","@id":"https:\/\/digiteamerica.com\/es\/politicas-de-cookies\/#breadcrumb","itemListElement":[{"@type":"ListItem","position":1,"name":"Home","item":"https:\/\/digiteamerica.com\/es\/"},{"@type":"ListItem","position":2,"name":"Pol\u00edticas de Cookies"}]},{"@type":"WebSite","@id":"https:\/\/digiteamerica.com\/es\/#website","url":"https:\/\/digiteamerica.com\/es\/","name":"DIGI TEAM AMERICA 2026","description":"","publisher":{"@id":"https:\/\/digiteamerica.com\/es\/#organization"},"potentialAction":[{"@type":"SearchAction","target":{"@type":"EntryPoint","urlTemplate":"https:\/\/digiteamerica.com\/es\/?s={search_term_string}"},"query-input":{"@type":"PropertyValueSpecification","valueRequired":true,"valueName":"search_term_string"}}],"inLanguage":"es"},{"@type":"Organization","@id":"https:\/\/digiteamerica.com\/es\/#organization","name":"DIGI TEAM AMERICA 2026","url":"https:\/\/digiteamerica.com\/es\/","logo":{"@type":"ImageObject","inLanguage":"es","@id":"https:\/\/digiteamerica.com\/es\/#\/schema\/logo\/image\/","url":"https:\/\/digiteamerica.com\/es\/wp-content\/uploads\/2026\/02\/Recurso-1-8.png","contentUrl":"https:\/\/digiteamerica.com\/es\/wp-content\/uploads\/2026\/02\/Recurso-1-8.png","width":866,"height":224,"caption":"DIGI TEAM AMERICA 2026"},"image":{"@id":"https:\/\/digiteamerica.com\/es\/#\/schema\/logo\/image\/"},"sameAs":["https:\/\/www.facebook.com\/agenciamarketingdigitaldta","https:\/\/www.tiktok.com\/@dtamarketing360","https:\/\/www.linkedin.com\/company\/dtamarketing360","https:\/\/www.instagram.com\/dtamarketing360","https:\/\/www.youtube.com\/channel\/UC2Z0PgYlLFz6x1nfoXWktKg"]}]}},"_links":{"self":[{"href":"https:\/\/digiteamerica.com\/es\/wp-json\/wp\/v2\/pages\/17","targetHints":{"allow":["GET"]}}],"collection":[{"href":"https:\/\/digiteamerica.com\/es\/wp-json\/wp\/v2\/pages"}],"about":[{"href":"https:\/\/digiteamerica.com\/es\/wp-json\/wp\/v2\/types\/page"}],"author":[{"embeddable":true,"href":"https:\/\/digiteamerica.com\/es\/wp-json\/wp\/v2\/users\/1"}],"replies":[{"embeddable":true,"href":"https:\/\/digiteamerica.com\/es\/wp-json\/wp\/v2\/comments?post=17"}],"version-history":[{"count":5,"href":"https:\/\/digiteamerica.com\/es\/wp-json\/wp\/v2\/pages\/17\/revisions"}],"predecessor-version":[{"id":2380,"href":"https:\/\/digiteamerica.com\/es\/wp-json\/wp\/v2\/pages\/17\/revisions\/2380"}],"wp:attachment":[{"href":"https:\/\/digiteamerica.com\/es\/wp-json\/wp\/v2\/media?parent=17"}],"curies":[{"name":"wp","href":"https:\/\/api.w.org\/{rel}","templated":true}]}}