{"id":21,"date":"2026-02-18T16:54:45","date_gmt":"2026-02-18T16:54:45","guid":{"rendered":"https:\/\/digiteamerica.com\/es\/?page_id=21"},"modified":"2026-04-10T14:44:15","modified_gmt":"2026-04-10T14:44:15","slug":"terminos-y-condiciones","status":"publish","type":"page","link":"https:\/\/digiteamerica.com\/es\/terminos-y-condiciones\/","title":{"rendered":"Terminos y condiciones"},"content":{"rendered":"\t\t<div data-elementor-type=\"wp-page\" data-elementor-id=\"21\" class=\"elementor elementor-21\" data-elementor-post-type=\"page\">\n\t\t\t\t<div class=\"elementor-element elementor-element-ae6515f e-flex e-con-boxed e-con e-parent\" data-id=\"ae6515f\" data-element_type=\"container\" data-e-type=\"container\" data-settings=\"{&quot;background_background&quot;:&quot;classic&quot;}\">\n\t\t\t\t\t<div class=\"e-con-inner\">\n\t\t\t\t<div class=\"elementor-element elementor-element-14debc7 elementor-widget elementor-widget-text-editor\" data-id=\"14debc7\" data-element_type=\"widget\" data-e-type=\"widget\" data-widget_type=\"text-editor.default\">\n\t\t\t\t\t\t\t\t\t<h2 data-start=\"0\" data-end=\"22\">T\u00e9rminos y Condiciones<\/h2><p data-start=\"24\" data-end=\"67\">\u00daltima actualizaci\u00f3n: 24 de febrero de 2026<\/p><ol data-start=\"69\" data-end=\"98\"><li data-section-id=\"1qp4ccn\" data-start=\"69\" data-end=\"98\">Aceptaci\u00f3n de los T\u00e9rminos<\/li><\/ol><p data-start=\"100\" data-end=\"183\">Al acceder a este sitio web, usted acepta cumplir con estos T\u00e9rminos y Condiciones.<\/p><ol start=\"2\" data-start=\"185\" data-end=\"197\"><li data-section-id=\"60j47o\" data-start=\"185\" data-end=\"197\">Servicios<\/li><\/ol><p data-start=\"199\" data-end=\"321\">Digiteamerica proporciona servicios digitales, incluyendo desarrollo de sitios web, consultor\u00eda y soluciones tecnol\u00f3gicas.<\/p><ol start=\"3\" data-start=\"323\" data-end=\"566\"><li data-section-id=\"13ay6n0\" data-start=\"323\" data-end=\"540\">Responsabilidades del Usuario<br data-start=\"355\" data-end=\"358\" \/>No utilizar los servicios de manera ilegal<br data-start=\"400\" data-end=\"403\" \/>No intentar acceder sin autorizaci\u00f3n a los sistemas<br data-start=\"454\" data-end=\"457\" \/>No distribuir software malicioso<br data-start=\"489\" data-end=\"492\" \/>Respetar los derechos de propiedad intelectual<\/li><li data-section-id=\"1uqj9tr\" data-start=\"542\" data-end=\"566\">Propiedad Intelectual<\/li><\/ol><p data-start=\"568\" data-end=\"704\">Todo el contenido del sitio web es propiedad de Digiteamerica y est\u00e1 protegido por las leyes de derechos de autor de los Estados Unidos.<\/p><ol start=\"5\" data-start=\"706\" data-end=\"714\"><li data-section-id=\"1aoa6vo\" data-start=\"706\" data-end=\"714\">Pagos<\/li><\/ol><p data-start=\"716\" data-end=\"805\">Los servicios pueden requerir acuerdos por separado y el cumplimiento total de los pagos.<\/p><ol start=\"6\" data-start=\"807\" data-end=\"837\"><li data-section-id=\"w2mql1\" data-start=\"807\" data-end=\"837\">Exenci\u00f3n de Responsabilidad<\/li><\/ol><p data-start=\"839\" data-end=\"910\">Los servicios se proporcionan \u00abtal cual\u00bb, sin garant\u00edas de ning\u00fan tipo.<\/p><ol start=\"7\" data-start=\"912\" data-end=\"944\"><li data-section-id=\"r7edxy\" data-start=\"912\" data-end=\"944\">Limitaci\u00f3n de Responsabilidad<\/li><\/ol><p data-start=\"946\" data-end=\"1040\">Digiteamerica no ser\u00e1 responsable por da\u00f1os indirectos, p\u00e9rdida de datos o fallos de terceros.<\/p><ol start=\"8\" data-start=\"1042\" data-end=\"1056\"><li data-section-id=\"ch22ng\" data-start=\"1042\" data-end=\"1056\">Terminaci\u00f3n<\/li><\/ol><p data-start=\"1058\" data-end=\"1144\">Nos reservamos el derecho de suspender el acceso por incumplimiento de estos t\u00e9rminos.<\/p><ol start=\"9\" data-start=\"1146\" data-end=\"1162\"><li data-section-id=\"uaviqn\" data-start=\"1146\" data-end=\"1162\">Ley Aplicable<\/li><\/ol><p data-start=\"1164\" data-end=\"1315\" data-is-last-node=\"\" data-is-only-node=\"\">Estos t\u00e9rminos se rigen por las leyes del Estado de Florida, Estados Unidos. Las disputas se resolver\u00e1n en los tribunales ubicados en Orlando, Florida.<\/p>\t\t\t\t\t\t\t\t<\/div>\n\t\t\t\t\t<\/div>\n\t\t\t\t<\/div>\n\t\t\t\t<\/div>\n\t\t","protected":false},"excerpt":{"rendered":"<p>T\u00e9rminos y Condiciones \u00daltima actualizaci\u00f3n: 24 de febrero de 2026 Aceptaci\u00f3n de los T\u00e9rminos Al acceder a este sitio web, usted acepta cumplir con estos T\u00e9rminos y Condiciones. Servicios Digiteamerica proporciona servicios digitales, incluyendo desarrollo de sitios web, consultor\u00eda y soluciones tecnol\u00f3gicas. Responsabilidades del UsuarioNo utilizar los servicios de manera ilegalNo intentar acceder sin autorizaci\u00f3n [&hellip;]<\/p>\n","protected":false},"author":1,"featured_media":0,"parent":0,"menu_order":0,"comment_status":"closed","ping_status":"closed","template":"","meta":{"footnotes":""},"class_list":["post-21","page","type-page","status-publish","hentry"],"blocksy_meta":[],"yoast_head":"<!-- This site is optimized with the Yoast SEO plugin v27.4 - https:\/\/yoast.com\/product\/yoast-seo-wordpress\/ -->\n<title>Terminos y condiciones - DIGI TEAM AMERICA 2026<\/title>\n<meta name=\"robots\" content=\"index, follow, max-snippet:-1, max-image-preview:large, max-video-preview:-1\" \/>\n<link rel=\"canonical\" href=\"https:\/\/digiteamerica.com\/es\/terminos-y-condiciones\/\" \/>\n<meta property=\"og:locale\" content=\"es_ES\" \/>\n<meta property=\"og:type\" content=\"article\" \/>\n<meta property=\"og:title\" content=\"Terminos y condiciones - DIGI TEAM AMERICA 2026\" \/>\n<meta property=\"og:description\" content=\"T\u00e9rminos y Condiciones \u00daltima actualizaci\u00f3n: 24 de febrero de 2026 Aceptaci\u00f3n de los T\u00e9rminos Al acceder a este sitio web, usted acepta cumplir con estos T\u00e9rminos y Condiciones. Servicios Digiteamerica proporciona servicios digitales, incluyendo desarrollo de sitios web, consultor\u00eda y soluciones tecnol\u00f3gicas. Responsabilidades del UsuarioNo utilizar los servicios de manera ilegalNo intentar acceder sin autorizaci\u00f3n [&hellip;]\" \/>\n<meta property=\"og:url\" content=\"https:\/\/digiteamerica.com\/es\/terminos-y-condiciones\/\" \/>\n<meta property=\"og:site_name\" content=\"DIGI TEAM AMERICA 2026\" \/>\n<meta property=\"article:publisher\" content=\"https:\/\/www.facebook.com\/agenciamarketingdigitaldta\" \/>\n<meta property=\"article:modified_time\" content=\"2026-04-10T14:44:15+00:00\" \/>\n<meta name=\"twitter:card\" content=\"summary_large_image\" \/>\n<meta name=\"twitter:label1\" content=\"Tiempo de lectura\" \/>\n\t<meta name=\"twitter:data1\" content=\"1 minuto\" \/>\n<script type=\"application\/ld+json\" class=\"yoast-schema-graph\">{\"@context\":\"https:\\\/\\\/schema.org\",\"@graph\":[{\"@type\":\"WebPage\",\"@id\":\"https:\\\/\\\/digiteamerica.com\\\/es\\\/terminos-y-condiciones\\\/\",\"url\":\"https:\\\/\\\/digiteamerica.com\\\/es\\\/terminos-y-condiciones\\\/\",\"name\":\"Terminos y condiciones - DIGI TEAM AMERICA 2026\",\"isPartOf\":{\"@id\":\"https:\\\/\\\/digiteamerica.com\\\/es\\\/#website\"},\"datePublished\":\"2026-02-18T16:54:45+00:00\",\"dateModified\":\"2026-04-10T14:44:15+00:00\",\"breadcrumb\":{\"@id\":\"https:\\\/\\\/digiteamerica.com\\\/es\\\/terminos-y-condiciones\\\/#breadcrumb\"},\"inLanguage\":\"es\",\"potentialAction\":[{\"@type\":\"ReadAction\",\"target\":[\"https:\\\/\\\/digiteamerica.com\\\/es\\\/terminos-y-condiciones\\\/\"]}]},{\"@type\":\"BreadcrumbList\",\"@id\":\"https:\\\/\\\/digiteamerica.com\\\/es\\\/terminos-y-condiciones\\\/#breadcrumb\",\"itemListElement\":[{\"@type\":\"ListItem\",\"position\":1,\"name\":\"Home\",\"item\":\"https:\\\/\\\/digiteamerica.com\\\/es\\\/\"},{\"@type\":\"ListItem\",\"position\":2,\"name\":\"Terminos y condiciones\"}]},{\"@type\":\"WebSite\",\"@id\":\"https:\\\/\\\/digiteamerica.com\\\/es\\\/#website\",\"url\":\"https:\\\/\\\/digiteamerica.com\\\/es\\\/\",\"name\":\"DIGI TEAM AMERICA 2026\",\"description\":\"\",\"publisher\":{\"@id\":\"https:\\\/\\\/digiteamerica.com\\\/es\\\/#organization\"},\"potentialAction\":[{\"@type\":\"SearchAction\",\"target\":{\"@type\":\"EntryPoint\",\"urlTemplate\":\"https:\\\/\\\/digiteamerica.com\\\/es\\\/?s={search_term_string}\"},\"query-input\":{\"@type\":\"PropertyValueSpecification\",\"valueRequired\":true,\"valueName\":\"search_term_string\"}}],\"inLanguage\":\"es\"},{\"@type\":\"Organization\",\"@id\":\"https:\\\/\\\/digiteamerica.com\\\/es\\\/#organization\",\"name\":\"DIGI TEAM AMERICA 2026\",\"url\":\"https:\\\/\\\/digiteamerica.com\\\/es\\\/\",\"logo\":{\"@type\":\"ImageObject\",\"inLanguage\":\"es\",\"@id\":\"https:\\\/\\\/digiteamerica.com\\\/es\\\/#\\\/schema\\\/logo\\\/image\\\/\",\"url\":\"https:\\\/\\\/digiteamerica.com\\\/es\\\/wp-content\\\/uploads\\\/2026\\\/02\\\/Recurso-1-8.png\",\"contentUrl\":\"https:\\\/\\\/digiteamerica.com\\\/es\\\/wp-content\\\/uploads\\\/2026\\\/02\\\/Recurso-1-8.png\",\"width\":866,\"height\":224,\"caption\":\"DIGI TEAM AMERICA 2026\"},\"image\":{\"@id\":\"https:\\\/\\\/digiteamerica.com\\\/es\\\/#\\\/schema\\\/logo\\\/image\\\/\"},\"sameAs\":[\"https:\\\/\\\/www.facebook.com\\\/agenciamarketingdigitaldta\",\"https:\\\/\\\/www.tiktok.com\\\/@dtamarketing360\",\"https:\\\/\\\/www.linkedin.com\\\/company\\\/dtamarketing360\",\"https:\\\/\\\/www.instagram.com\\\/dtamarketing360\",\"https:\\\/\\\/www.youtube.com\\\/channel\\\/UC2Z0PgYlLFz6x1nfoXWktKg\"]}]}<\/script>\n<!-- \/ Yoast SEO plugin. -->","yoast_head_json":{"title":"Terminos y condiciones - DIGI TEAM AMERICA 2026","robots":{"index":"index","follow":"follow","max-snippet":"max-snippet:-1","max-image-preview":"max-image-preview:large","max-video-preview":"max-video-preview:-1"},"canonical":"https:\/\/digiteamerica.com\/es\/terminos-y-condiciones\/","og_locale":"es_ES","og_type":"article","og_title":"Terminos y condiciones - DIGI TEAM AMERICA 2026","og_description":"T\u00e9rminos y Condiciones \u00daltima actualizaci\u00f3n: 24 de febrero de 2026 Aceptaci\u00f3n de los T\u00e9rminos Al acceder a este sitio web, usted acepta cumplir con estos T\u00e9rminos y Condiciones. Servicios Digiteamerica proporciona servicios digitales, incluyendo desarrollo de sitios web, consultor\u00eda y soluciones tecnol\u00f3gicas. Responsabilidades del UsuarioNo utilizar los servicios de manera ilegalNo intentar acceder sin autorizaci\u00f3n [&hellip;]","og_url":"https:\/\/digiteamerica.com\/es\/terminos-y-condiciones\/","og_site_name":"DIGI TEAM AMERICA 2026","article_publisher":"https:\/\/www.facebook.com\/agenciamarketingdigitaldta","article_modified_time":"2026-04-10T14:44:15+00:00","twitter_card":"summary_large_image","twitter_misc":{"Tiempo de lectura":"1 minuto"},"schema":{"@context":"https:\/\/schema.org","@graph":[{"@type":"WebPage","@id":"https:\/\/digiteamerica.com\/es\/terminos-y-condiciones\/","url":"https:\/\/digiteamerica.com\/es\/terminos-y-condiciones\/","name":"Terminos y condiciones - DIGI TEAM AMERICA 2026","isPartOf":{"@id":"https:\/\/digiteamerica.com\/es\/#website"},"datePublished":"2026-02-18T16:54:45+00:00","dateModified":"2026-04-10T14:44:15+00:00","breadcrumb":{"@id":"https:\/\/digiteamerica.com\/es\/terminos-y-condiciones\/#breadcrumb"},"inLanguage":"es","potentialAction":[{"@type":"ReadAction","target":["https:\/\/digiteamerica.com\/es\/terminos-y-condiciones\/"]}]},{"@type":"BreadcrumbList","@id":"https:\/\/digiteamerica.com\/es\/terminos-y-condiciones\/#breadcrumb","itemListElement":[{"@type":"ListItem","position":1,"name":"Home","item":"https:\/\/digiteamerica.com\/es\/"},{"@type":"ListItem","position":2,"name":"Terminos y condiciones"}]},{"@type":"WebSite","@id":"https:\/\/digiteamerica.com\/es\/#website","url":"https:\/\/digiteamerica.com\/es\/","name":"DIGI TEAM AMERICA 2026","description":"","publisher":{"@id":"https:\/\/digiteamerica.com\/es\/#organization"},"potentialAction":[{"@type":"SearchAction","target":{"@type":"EntryPoint","urlTemplate":"https:\/\/digiteamerica.com\/es\/?s={search_term_string}"},"query-input":{"@type":"PropertyValueSpecification","valueRequired":true,"valueName":"search_term_string"}}],"inLanguage":"es"},{"@type":"Organization","@id":"https:\/\/digiteamerica.com\/es\/#organization","name":"DIGI TEAM AMERICA 2026","url":"https:\/\/digiteamerica.com\/es\/","logo":{"@type":"ImageObject","inLanguage":"es","@id":"https:\/\/digiteamerica.com\/es\/#\/schema\/logo\/image\/","url":"https:\/\/digiteamerica.com\/es\/wp-content\/uploads\/2026\/02\/Recurso-1-8.png","contentUrl":"https:\/\/digiteamerica.com\/es\/wp-content\/uploads\/2026\/02\/Recurso-1-8.png","width":866,"height":224,"caption":"DIGI TEAM AMERICA 2026"},"image":{"@id":"https:\/\/digiteamerica.com\/es\/#\/schema\/logo\/image\/"},"sameAs":["https:\/\/www.facebook.com\/agenciamarketingdigitaldta","https:\/\/www.tiktok.com\/@dtamarketing360","https:\/\/www.linkedin.com\/company\/dtamarketing360","https:\/\/www.instagram.com\/dtamarketing360","https:\/\/www.youtube.com\/channel\/UC2Z0PgYlLFz6x1nfoXWktKg"]}]}},"_links":{"self":[{"href":"https:\/\/digiteamerica.com\/es\/wp-json\/wp\/v2\/pages\/21","targetHints":{"allow":["GET"]}}],"collection":[{"href":"https:\/\/digiteamerica.com\/es\/wp-json\/wp\/v2\/pages"}],"about":[{"href":"https:\/\/digiteamerica.com\/es\/wp-json\/wp\/v2\/types\/page"}],"author":[{"embeddable":true,"href":"https:\/\/digiteamerica.com\/es\/wp-json\/wp\/v2\/users\/1"}],"replies":[{"embeddable":true,"href":"https:\/\/digiteamerica.com\/es\/wp-json\/wp\/v2\/comments?post=21"}],"version-history":[{"count":4,"href":"https:\/\/digiteamerica.com\/es\/wp-json\/wp\/v2\/pages\/21\/revisions"}],"predecessor-version":[{"id":2383,"href":"https:\/\/digiteamerica.com\/es\/wp-json\/wp\/v2\/pages\/21\/revisions\/2383"}],"wp:attachment":[{"href":"https:\/\/digiteamerica.com\/es\/wp-json\/wp\/v2\/media?parent=21"}],"curies":[{"name":"wp","href":"https:\/\/api.w.org\/{rel}","templated":true}]}}