{"id":23,"date":"2026-02-18T16:55:02","date_gmt":"2026-02-18T16:55:02","guid":{"rendered":"https:\/\/digiteamerica.com\/es\/?page_id=23"},"modified":"2026-04-10T14:40:00","modified_gmt":"2026-04-10T14:40:00","slug":"politica-de-tratamiento-de-datos","status":"publish","type":"page","link":"https:\/\/digiteamerica.com\/es\/politica-de-tratamiento-de-datos\/","title":{"rendered":"Pol\u00edtica de Tratamiento de Datos"},"content":{"rendered":"\t\t<div data-elementor-type=\"wp-page\" data-elementor-id=\"23\" class=\"elementor elementor-23\" data-elementor-post-type=\"page\">\n\t\t\t\t<div class=\"elementor-element elementor-element-8dc97a4 e-flex e-con-boxed e-con e-parent\" data-id=\"8dc97a4\" data-element_type=\"container\" data-e-type=\"container\" data-settings=\"{&quot;background_background&quot;:&quot;classic&quot;}\">\n\t\t\t\t\t<div class=\"e-con-inner\">\n\t\t\t\t<div class=\"elementor-element elementor-element-1dbfbec elementor-widget elementor-widget-text-editor\" data-id=\"1dbfbec\" data-element_type=\"widget\" data-e-type=\"widget\" data-widget_type=\"text-editor.default\">\n\t\t\t\t\t\t\t\t\t<h2 data-start=\"0\" data-end=\"32\">Pol\u00edtica de Tratamiento de Datos<\/h2><p data-start=\"34\" data-end=\"77\">\u00daltima actualizaci\u00f3n: 24 de febrero de 2026<\/p><ol data-start=\"79\" data-end=\"118\"><li data-section-id=\"1wn748h\" data-start=\"79\" data-end=\"118\">Responsable del Tratamiento de Datos<\/li><\/ol><p data-start=\"120\" data-end=\"248\">Digiteamerica act\u00faa como la entidad responsable del tratamiento de los datos personales recopilados a trav\u00e9s de sus plataformas.<\/p><ol start=\"2\" data-start=\"250\" data-end=\"463\"><li data-section-id=\"1mctec\" data-start=\"250\" data-end=\"448\">Finalidad del Tratamiento de Datos<br data-start=\"287\" data-end=\"290\" \/>Prestaci\u00f3n de servicios<br data-start=\"313\" data-end=\"316\" \/>Comunicaci\u00f3n con clientes<br data-start=\"341\" data-end=\"344\" \/>Facturaci\u00f3n y emisi\u00f3n de facturas<br data-start=\"377\" data-end=\"380\" \/>Soporte t\u00e9cnico<br data-start=\"395\" data-end=\"398\" \/>Comunicaciones de marketing<br data-start=\"425\" data-end=\"428\" \/>Cumplimiento legal<\/li><li data-section-id=\"1v1bdf2\" data-start=\"450\" data-end=\"463\">Base Legal<\/li><\/ol><p data-start=\"465\" data-end=\"633\">El tratamiento se basa en el consentimiento del usuario, la necesidad contractual, los intereses comerciales leg\u00edtimos y el cumplimiento de las leyes de Estados Unidos.<\/p><ol start=\"4\" data-start=\"635\" data-end=\"668\"><li data-section-id=\"t03hz0\" data-start=\"635\" data-end=\"668\">Transferencias Internacionales<\/li><\/ol><p data-start=\"670\" data-end=\"772\">Los datos pueden ser almacenados o procesados en servidores ubicados dentro o fuera de Estados Unidos.<\/p><ol start=\"5\" data-start=\"774\" data-end=\"941\"><li data-section-id=\"p7nm60\" data-start=\"774\" data-end=\"916\">Medidas de Seguridad<br data-start=\"797\" data-end=\"800\" \/>Hosting seguro<br data-start=\"814\" data-end=\"817\" \/>Tecnolog\u00edas de cifrado<br data-start=\"839\" data-end=\"842\" \/>Controles de acceso restringido<br data-start=\"873\" data-end=\"876\" \/>Pol\u00edticas internas de confidencialidad<\/li><li data-section-id=\"6ja047\" data-start=\"918\" data-end=\"941\">Derechos del Usuario<\/li><\/ol><p data-start=\"943\" data-end=\"1082\" data-is-last-node=\"\" data-is-only-node=\"\">Los usuarios pueden solicitar acceso, modificaci\u00f3n o eliminaci\u00f3n de sus datos personales enviando un correo a <a class=\"decorated-link cursor-pointer\" rel=\"noopener\" data-start=\"1053\" data-end=\"1081\">management@digiteamerica.com<\/a>.<\/p>\t\t\t\t\t\t\t\t<\/div>\n\t\t\t\t\t<\/div>\n\t\t\t\t<\/div>\n\t\t\t\t<\/div>\n\t\t","protected":false},"excerpt":{"rendered":"<p>Pol\u00edtica de Tratamiento de Datos \u00daltima actualizaci\u00f3n: 24 de febrero de 2026 Responsable del Tratamiento de Datos Digiteamerica act\u00faa como la entidad responsable del tratamiento de los datos personales recopilados a trav\u00e9s de sus plataformas. Finalidad del Tratamiento de DatosPrestaci\u00f3n de serviciosComunicaci\u00f3n con clientesFacturaci\u00f3n y emisi\u00f3n de facturasSoporte t\u00e9cnicoComunicaciones de marketingCumplimiento legal Base Legal El [&hellip;]<\/p>\n","protected":false},"author":1,"featured_media":0,"parent":0,"menu_order":0,"comment_status":"closed","ping_status":"closed","template":"","meta":{"footnotes":""},"class_list":["post-23","page","type-page","status-publish","hentry"],"blocksy_meta":[],"yoast_head":"<!-- This site is optimized with the Yoast SEO plugin v27.4 - https:\/\/yoast.com\/product\/yoast-seo-wordpress\/ -->\n<title>Pol\u00edtica de Tratamiento de Datos - DIGI TEAM AMERICA 2026<\/title>\n<meta name=\"robots\" content=\"index, follow, max-snippet:-1, max-image-preview:large, max-video-preview:-1\" \/>\n<link rel=\"canonical\" href=\"https:\/\/digiteamerica.com\/es\/politica-de-tratamiento-de-datos\/\" \/>\n<meta property=\"og:locale\" content=\"es_ES\" \/>\n<meta property=\"og:type\" content=\"article\" \/>\n<meta property=\"og:title\" content=\"Pol\u00edtica de Tratamiento de Datos - DIGI TEAM AMERICA 2026\" \/>\n<meta property=\"og:description\" content=\"Pol\u00edtica de Tratamiento de Datos \u00daltima actualizaci\u00f3n: 24 de febrero de 2026 Responsable del Tratamiento de Datos Digiteamerica act\u00faa como la entidad responsable del tratamiento de los datos personales recopilados a trav\u00e9s de sus plataformas. Finalidad del Tratamiento de DatosPrestaci\u00f3n de serviciosComunicaci\u00f3n con clientesFacturaci\u00f3n y emisi\u00f3n de facturasSoporte t\u00e9cnicoComunicaciones de marketingCumplimiento legal Base Legal El [&hellip;]\" \/>\n<meta property=\"og:url\" content=\"https:\/\/digiteamerica.com\/es\/politica-de-tratamiento-de-datos\/\" \/>\n<meta property=\"og:site_name\" content=\"DIGI TEAM AMERICA 2026\" \/>\n<meta property=\"article:publisher\" content=\"https:\/\/www.facebook.com\/agenciamarketingdigitaldta\" \/>\n<meta property=\"article:modified_time\" content=\"2026-04-10T14:40:00+00:00\" \/>\n<meta name=\"twitter:card\" content=\"summary_large_image\" \/>\n<meta name=\"twitter:label1\" content=\"Tiempo de lectura\" \/>\n\t<meta name=\"twitter:data1\" content=\"1 minuto\" \/>\n<script type=\"application\/ld+json\" class=\"yoast-schema-graph\">{\"@context\":\"https:\\\/\\\/schema.org\",\"@graph\":[{\"@type\":\"WebPage\",\"@id\":\"https:\\\/\\\/digiteamerica.com\\\/es\\\/politica-de-tratamiento-de-datos\\\/\",\"url\":\"https:\\\/\\\/digiteamerica.com\\\/es\\\/politica-de-tratamiento-de-datos\\\/\",\"name\":\"Pol\u00edtica de Tratamiento de Datos - DIGI TEAM AMERICA 2026\",\"isPartOf\":{\"@id\":\"https:\\\/\\\/digiteamerica.com\\\/es\\\/#website\"},\"datePublished\":\"2026-02-18T16:55:02+00:00\",\"dateModified\":\"2026-04-10T14:40:00+00:00\",\"breadcrumb\":{\"@id\":\"https:\\\/\\\/digiteamerica.com\\\/es\\\/politica-de-tratamiento-de-datos\\\/#breadcrumb\"},\"inLanguage\":\"es\",\"potentialAction\":[{\"@type\":\"ReadAction\",\"target\":[\"https:\\\/\\\/digiteamerica.com\\\/es\\\/politica-de-tratamiento-de-datos\\\/\"]}]},{\"@type\":\"BreadcrumbList\",\"@id\":\"https:\\\/\\\/digiteamerica.com\\\/es\\\/politica-de-tratamiento-de-datos\\\/#breadcrumb\",\"itemListElement\":[{\"@type\":\"ListItem\",\"position\":1,\"name\":\"Home\",\"item\":\"https:\\\/\\\/digiteamerica.com\\\/es\\\/\"},{\"@type\":\"ListItem\",\"position\":2,\"name\":\"Pol\u00edtica de Tratamiento de Datos\"}]},{\"@type\":\"WebSite\",\"@id\":\"https:\\\/\\\/digiteamerica.com\\\/es\\\/#website\",\"url\":\"https:\\\/\\\/digiteamerica.com\\\/es\\\/\",\"name\":\"DIGI TEAM AMERICA 2026\",\"description\":\"\",\"publisher\":{\"@id\":\"https:\\\/\\\/digiteamerica.com\\\/es\\\/#organization\"},\"potentialAction\":[{\"@type\":\"SearchAction\",\"target\":{\"@type\":\"EntryPoint\",\"urlTemplate\":\"https:\\\/\\\/digiteamerica.com\\\/es\\\/?s={search_term_string}\"},\"query-input\":{\"@type\":\"PropertyValueSpecification\",\"valueRequired\":true,\"valueName\":\"search_term_string\"}}],\"inLanguage\":\"es\"},{\"@type\":\"Organization\",\"@id\":\"https:\\\/\\\/digiteamerica.com\\\/es\\\/#organization\",\"name\":\"DIGI TEAM AMERICA 2026\",\"url\":\"https:\\\/\\\/digiteamerica.com\\\/es\\\/\",\"logo\":{\"@type\":\"ImageObject\",\"inLanguage\":\"es\",\"@id\":\"https:\\\/\\\/digiteamerica.com\\\/es\\\/#\\\/schema\\\/logo\\\/image\\\/\",\"url\":\"https:\\\/\\\/digiteamerica.com\\\/es\\\/wp-content\\\/uploads\\\/2026\\\/02\\\/Recurso-1-8.png\",\"contentUrl\":\"https:\\\/\\\/digiteamerica.com\\\/es\\\/wp-content\\\/uploads\\\/2026\\\/02\\\/Recurso-1-8.png\",\"width\":866,\"height\":224,\"caption\":\"DIGI TEAM AMERICA 2026\"},\"image\":{\"@id\":\"https:\\\/\\\/digiteamerica.com\\\/es\\\/#\\\/schema\\\/logo\\\/image\\\/\"},\"sameAs\":[\"https:\\\/\\\/www.facebook.com\\\/agenciamarketingdigitaldta\",\"https:\\\/\\\/www.tiktok.com\\\/@dtamarketing360\",\"https:\\\/\\\/www.linkedin.com\\\/company\\\/dtamarketing360\",\"https:\\\/\\\/www.instagram.com\\\/dtamarketing360\",\"https:\\\/\\\/www.youtube.com\\\/channel\\\/UC2Z0PgYlLFz6x1nfoXWktKg\"]}]}<\/script>\n<!-- \/ Yoast SEO plugin. -->","yoast_head_json":{"title":"Pol\u00edtica de Tratamiento de Datos - DIGI TEAM AMERICA 2026","robots":{"index":"index","follow":"follow","max-snippet":"max-snippet:-1","max-image-preview":"max-image-preview:large","max-video-preview":"max-video-preview:-1"},"canonical":"https:\/\/digiteamerica.com\/es\/politica-de-tratamiento-de-datos\/","og_locale":"es_ES","og_type":"article","og_title":"Pol\u00edtica de Tratamiento de Datos - DIGI TEAM AMERICA 2026","og_description":"Pol\u00edtica de Tratamiento de Datos \u00daltima actualizaci\u00f3n: 24 de febrero de 2026 Responsable del Tratamiento de Datos Digiteamerica act\u00faa como la entidad responsable del tratamiento de los datos personales recopilados a trav\u00e9s de sus plataformas. Finalidad del Tratamiento de DatosPrestaci\u00f3n de serviciosComunicaci\u00f3n con clientesFacturaci\u00f3n y emisi\u00f3n de facturasSoporte t\u00e9cnicoComunicaciones de marketingCumplimiento legal Base Legal El [&hellip;]","og_url":"https:\/\/digiteamerica.com\/es\/politica-de-tratamiento-de-datos\/","og_site_name":"DIGI TEAM AMERICA 2026","article_publisher":"https:\/\/www.facebook.com\/agenciamarketingdigitaldta","article_modified_time":"2026-04-10T14:40:00+00:00","twitter_card":"summary_large_image","twitter_misc":{"Tiempo de lectura":"1 minuto"},"schema":{"@context":"https:\/\/schema.org","@graph":[{"@type":"WebPage","@id":"https:\/\/digiteamerica.com\/es\/politica-de-tratamiento-de-datos\/","url":"https:\/\/digiteamerica.com\/es\/politica-de-tratamiento-de-datos\/","name":"Pol\u00edtica de Tratamiento de Datos - DIGI TEAM AMERICA 2026","isPartOf":{"@id":"https:\/\/digiteamerica.com\/es\/#website"},"datePublished":"2026-02-18T16:55:02+00:00","dateModified":"2026-04-10T14:40:00+00:00","breadcrumb":{"@id":"https:\/\/digiteamerica.com\/es\/politica-de-tratamiento-de-datos\/#breadcrumb"},"inLanguage":"es","potentialAction":[{"@type":"ReadAction","target":["https:\/\/digiteamerica.com\/es\/politica-de-tratamiento-de-datos\/"]}]},{"@type":"BreadcrumbList","@id":"https:\/\/digiteamerica.com\/es\/politica-de-tratamiento-de-datos\/#breadcrumb","itemListElement":[{"@type":"ListItem","position":1,"name":"Home","item":"https:\/\/digiteamerica.com\/es\/"},{"@type":"ListItem","position":2,"name":"Pol\u00edtica de Tratamiento de Datos"}]},{"@type":"WebSite","@id":"https:\/\/digiteamerica.com\/es\/#website","url":"https:\/\/digiteamerica.com\/es\/","name":"DIGI TEAM AMERICA 2026","description":"","publisher":{"@id":"https:\/\/digiteamerica.com\/es\/#organization"},"potentialAction":[{"@type":"SearchAction","target":{"@type":"EntryPoint","urlTemplate":"https:\/\/digiteamerica.com\/es\/?s={search_term_string}"},"query-input":{"@type":"PropertyValueSpecification","valueRequired":true,"valueName":"search_term_string"}}],"inLanguage":"es"},{"@type":"Organization","@id":"https:\/\/digiteamerica.com\/es\/#organization","name":"DIGI TEAM AMERICA 2026","url":"https:\/\/digiteamerica.com\/es\/","logo":{"@type":"ImageObject","inLanguage":"es","@id":"https:\/\/digiteamerica.com\/es\/#\/schema\/logo\/image\/","url":"https:\/\/digiteamerica.com\/es\/wp-content\/uploads\/2026\/02\/Recurso-1-8.png","contentUrl":"https:\/\/digiteamerica.com\/es\/wp-content\/uploads\/2026\/02\/Recurso-1-8.png","width":866,"height":224,"caption":"DIGI TEAM AMERICA 2026"},"image":{"@id":"https:\/\/digiteamerica.com\/es\/#\/schema\/logo\/image\/"},"sameAs":["https:\/\/www.facebook.com\/agenciamarketingdigitaldta","https:\/\/www.tiktok.com\/@dtamarketing360","https:\/\/www.linkedin.com\/company\/dtamarketing360","https:\/\/www.instagram.com\/dtamarketing360","https:\/\/www.youtube.com\/channel\/UC2Z0PgYlLFz6x1nfoXWktKg"]}]}},"_links":{"self":[{"href":"https:\/\/digiteamerica.com\/es\/wp-json\/wp\/v2\/pages\/23","targetHints":{"allow":["GET"]}}],"collection":[{"href":"https:\/\/digiteamerica.com\/es\/wp-json\/wp\/v2\/pages"}],"about":[{"href":"https:\/\/digiteamerica.com\/es\/wp-json\/wp\/v2\/types\/page"}],"author":[{"embeddable":true,"href":"https:\/\/digiteamerica.com\/es\/wp-json\/wp\/v2\/users\/1"}],"replies":[{"embeddable":true,"href":"https:\/\/digiteamerica.com\/es\/wp-json\/wp\/v2\/comments?post=23"}],"version-history":[{"count":5,"href":"https:\/\/digiteamerica.com\/es\/wp-json\/wp\/v2\/pages\/23\/revisions"}],"predecessor-version":[{"id":2377,"href":"https:\/\/digiteamerica.com\/es\/wp-json\/wp\/v2\/pages\/23\/revisions\/2377"}],"wp:attachment":[{"href":"https:\/\/digiteamerica.com\/es\/wp-json\/wp\/v2\/media?parent=23"}],"curies":[{"name":"wp","href":"https:\/\/api.w.org\/{rel}","templated":true}]}}