{"id":3,"date":"2026-02-18T16:35:40","date_gmt":"2026-02-18T16:35:40","guid":{"rendered":"https:\/\/digiteamerica.com\/es\/?page_id=3"},"modified":"2026-04-10T14:38:58","modified_gmt":"2026-04-10T14:38:58","slug":"politica-de-privacidad","status":"publish","type":"page","link":"https:\/\/digiteamerica.com\/es\/politica-de-privacidad\/","title":{"rendered":"Pol\u00edtica de Privacidad"},"content":{"rendered":"\t\t<div data-elementor-type=\"wp-page\" data-elementor-id=\"3\" class=\"elementor elementor-3\" data-elementor-post-type=\"page\">\n\t\t\t\t<div class=\"elementor-element elementor-element-5b4f50c8 e-flex e-con-boxed e-con e-parent\" data-id=\"5b4f50c8\" data-element_type=\"container\" data-e-type=\"container\" data-settings=\"{&quot;background_background&quot;:&quot;classic&quot;}\">\n\t\t\t\t\t<div class=\"e-con-inner\">\n\t\t\t\t<div class=\"elementor-element elementor-element-b1ea180 elementor-widget elementor-widget-text-editor\" data-id=\"b1ea180\" data-element_type=\"widget\" data-e-type=\"widget\" data-widget_type=\"text-editor.default\">\n\t\t\t\t\t\t\t\t\t<h2 data-start=\"0\" data-end=\"22\">Pol\u00edtica de Privacidad<\/h2><p data-start=\"24\" data-end=\"67\">\u00daltima actualizaci\u00f3n: 24 de febrero de 2026<\/p><ol data-start=\"69\" data-end=\"84\"><li data-section-id=\"1gjxett\" data-start=\"69\" data-end=\"84\">Introducci\u00f3n<\/li><\/ol><p data-start=\"86\" data-end=\"292\">Digiteamerica (\u00abCompa\u00f1\u00eda\u00bb, \u00abnosotros\u00bb, \u00abnuestro\u00bb o \u00abnos\u00bb) respeta su privacidad y est\u00e1 comprometida con la protecci\u00f3n de su informaci\u00f3n personal cuando visita nuestro sitio web o utiliza nuestros servicios.<\/p><ol start=\"2\" data-start=\"294\" data-end=\"323\"><li data-section-id=\"n95vj3\" data-start=\"294\" data-end=\"323\">Informaci\u00f3n de la Compa\u00f1\u00eda<\/li><\/ol><p data-start=\"325\" data-end=\"475\">Compa\u00f1\u00eda: Digiteamerica<br data-start=\"348\" data-end=\"351\" \/>Ubicaci\u00f3n: Orlando, Florida, Estados Unidos<br data-start=\"394\" data-end=\"397\" \/>Tel\u00e9fono: +1 (305) 988 1965<br data-start=\"424\" data-end=\"427\" \/>Correo electr\u00f3nico: <a class=\"decorated-link cursor-pointer\" rel=\"noopener\" data-start=\"447\" data-end=\"475\">management@digiteamerica.com<\/a><\/p><ol start=\"3\" data-start=\"477\" data-end=\"699\"><li data-section-id=\"ytkraw\" data-start=\"477\" data-end=\"699\">Informaci\u00f3n que Recopilamos<br data-start=\"507\" data-end=\"510\" \/>Informaci\u00f3n Personal<br data-start=\"530\" data-end=\"533\" \/>Nombre completo<br data-start=\"548\" data-end=\"551\" \/>Direcci\u00f3n de correo electr\u00f3nico<br data-start=\"582\" data-end=\"585\" \/>N\u00famero de tel\u00e9fono<br data-start=\"603\" data-end=\"606\" \/>Informaci\u00f3n comercial<br data-start=\"627\" data-end=\"630\" \/>Detalles de facturaci\u00f3n<br data-start=\"653\" data-end=\"656\" \/>Mensajes enviados a trav\u00e9s de formularios<\/li><\/ol><p data-start=\"701\" data-end=\"887\">Datos Recopilados Autom\u00e1ticamente<br data-start=\"734\" data-end=\"737\" \/>Direcci\u00f3n IP<br data-start=\"749\" data-end=\"752\" \/>Tipo de navegador<br data-start=\"769\" data-end=\"772\" \/>Informaci\u00f3n del dispositivo<br data-start=\"799\" data-end=\"802\" \/>P\u00e1ginas visitadas<br data-start=\"819\" data-end=\"822\" \/>Duraci\u00f3n de la sesi\u00f3n<br data-start=\"843\" data-end=\"846\" \/>Aproximaci\u00f3n de la ubicaci\u00f3n geogr\u00e1fica<\/p><ol start=\"4\" data-start=\"889\" data-end=\"1165\"><li data-section-id=\"82anpa\" data-start=\"889\" data-end=\"1130\">C\u00f3mo Utilizamos la Informaci\u00f3n<br data-start=\"922\" data-end=\"925\" \/>Prestar servicios<br data-start=\"942\" data-end=\"945\" \/>Responder consultas<br data-start=\"964\" data-end=\"967\" \/>Mejorar el rendimiento del sitio web<br data-start=\"1003\" data-end=\"1006\" \/>Procesar transacciones<br data-start=\"1028\" data-end=\"1031\" \/>Enviar actualizaciones o comunicaciones de marketing<br data-start=\"1083\" data-end=\"1086\" \/>Prevenir fraudes y garantizar la seguridad<\/li><li data-section-id=\"d4r21p\" data-start=\"1132\" data-end=\"1165\">Compartici\u00f3n de la Informaci\u00f3n<\/li><\/ol><p data-start=\"1167\" data-end=\"1349\">No vendemos informaci\u00f3n personal. Los datos pueden compartirse con proveedores de hosting, servicios de anal\u00edtica, procesadores de pago o autoridades cuando sea legalmente requerido.<\/p><ol start=\"6\" data-start=\"1351\" data-end=\"1372\"><li data-section-id=\"8pwzhq\" data-start=\"1351\" data-end=\"1372\">Retenci\u00f3n de Datos<\/li><\/ol><p data-start=\"1374\" data-end=\"1472\">Conservamos los datos personales solo durante el tiempo necesario para fines operativos o legales.<\/p><ol start=\"7\" data-start=\"1474\" data-end=\"1499\"><li data-section-id=\"1glaaym\" data-start=\"1474\" data-end=\"1499\">Seguridad de los Datos<\/li><\/ol><p data-start=\"1501\" data-end=\"1577\">Implementamos medidas t\u00e9cnicas y organizativas para proteger su informaci\u00f3n.<\/p><ol start=\"8\" data-start=\"1579\" data-end=\"1602\"><li data-section-id=\"inl9g9\" data-start=\"1579\" data-end=\"1602\">Derechos del Usuario<\/li><\/ol><p data-start=\"1604\" data-end=\"1713\">Puede solicitar acceso, correcci\u00f3n o eliminaci\u00f3n de sus datos contact\u00e1ndonos en <a class=\"decorated-link cursor-pointer\" rel=\"noopener\" data-start=\"1684\" data-end=\"1712\">management@digiteamerica.com<\/a>.<\/p><ol start=\"9\" data-start=\"1715\" data-end=\"1741\"><li data-section-id=\"5b0sqm\" data-start=\"1715\" data-end=\"1741\">Privacidad de los Ni\u00f1os<\/li><\/ol><p data-start=\"1743\" data-end=\"1865\">Nuestros servicios no est\u00e1n dirigidos a personas menores de 13 a\u00f1os de edad, de conformidad con las regulaciones de COPPA.<\/p><ol start=\"10\" data-start=\"1867\" data-end=\"1901\"><li data-section-id=\"iecoiu\" data-start=\"1867\" data-end=\"1901\">Actualizaciones de la Pol\u00edtica<\/li><\/ol><p data-start=\"1903\" data-end=\"2015\" data-is-last-node=\"\" data-is-only-node=\"\">Podemos actualizar esta Pol\u00edtica de Privacidad peri\u00f3dicamente. Las actualizaciones se publicar\u00e1n en esta p\u00e1gina.<\/p>\t\t\t\t\t\t\t\t<\/div>\n\t\t\t\t\t<\/div>\n\t\t\t\t<\/div>\n\t\t\t\t<\/div>\n\t\t","protected":false},"excerpt":{"rendered":"<p>Pol\u00edtica de Privacidad \u00daltima actualizaci\u00f3n: 24 de febrero de 2026 Introducci\u00f3n Digiteamerica (\u00abCompa\u00f1\u00eda\u00bb, \u00abnosotros\u00bb, \u00abnuestro\u00bb o \u00abnos\u00bb) respeta su privacidad y est\u00e1 comprometida con la protecci\u00f3n de su informaci\u00f3n personal cuando visita nuestro sitio web o utiliza nuestros servicios. Informaci\u00f3n de la Compa\u00f1\u00eda Compa\u00f1\u00eda: DigiteamericaUbicaci\u00f3n: Orlando, Florida, Estados UnidosTel\u00e9fono: +1 (305) 988 1965Correo electr\u00f3nico: management@digiteamerica.com [&hellip;]<\/p>\n","protected":false},"author":1,"featured_media":0,"parent":0,"menu_order":0,"comment_status":"closed","ping_status":"closed","template":"","meta":{"footnotes":""},"class_list":["post-3","page","type-page","status-publish","hentry"],"blocksy_meta":[],"yoast_head":"<!-- This site is optimized with the Yoast SEO plugin v27.4 - https:\/\/yoast.com\/product\/yoast-seo-wordpress\/ -->\n<title>Pol\u00edtica de Privacidad - DIGI TEAM AMERICA 2026<\/title>\n<meta name=\"robots\" content=\"index, follow, max-snippet:-1, max-image-preview:large, max-video-preview:-1\" \/>\n<link rel=\"canonical\" href=\"https:\/\/digiteamerica.com\/es\/politica-de-privacidad\/\" \/>\n<meta property=\"og:locale\" content=\"es_ES\" \/>\n<meta property=\"og:type\" content=\"article\" \/>\n<meta property=\"og:title\" content=\"Pol\u00edtica de Privacidad - DIGI TEAM AMERICA 2026\" \/>\n<meta property=\"og:description\" content=\"Pol\u00edtica de Privacidad \u00daltima actualizaci\u00f3n: 24 de febrero de 2026 Introducci\u00f3n Digiteamerica (\u00abCompa\u00f1\u00eda\u00bb, \u00abnosotros\u00bb, \u00abnuestro\u00bb o \u00abnos\u00bb) respeta su privacidad y est\u00e1 comprometida con la protecci\u00f3n de su informaci\u00f3n personal cuando visita nuestro sitio web o utiliza nuestros servicios. Informaci\u00f3n de la Compa\u00f1\u00eda Compa\u00f1\u00eda: DigiteamericaUbicaci\u00f3n: Orlando, Florida, Estados UnidosTel\u00e9fono: +1 (305) 988 1965Correo electr\u00f3nico: management@digiteamerica.com [&hellip;]\" \/>\n<meta property=\"og:url\" content=\"https:\/\/digiteamerica.com\/es\/politica-de-privacidad\/\" \/>\n<meta property=\"og:site_name\" content=\"DIGI TEAM AMERICA 2026\" \/>\n<meta property=\"article:publisher\" content=\"https:\/\/www.facebook.com\/agenciamarketingdigitaldta\" \/>\n<meta property=\"article:modified_time\" content=\"2026-04-10T14:38:58+00:00\" \/>\n<meta name=\"twitter:card\" content=\"summary_large_image\" \/>\n<meta name=\"twitter:label1\" content=\"Tiempo de lectura\" \/>\n\t<meta name=\"twitter:data1\" content=\"2 minutos\" \/>\n<script type=\"application\/ld+json\" class=\"yoast-schema-graph\">{\"@context\":\"https:\\\/\\\/schema.org\",\"@graph\":[{\"@type\":\"WebPage\",\"@id\":\"https:\\\/\\\/digiteamerica.com\\\/es\\\/politica-de-privacidad\\\/\",\"url\":\"https:\\\/\\\/digiteamerica.com\\\/es\\\/politica-de-privacidad\\\/\",\"name\":\"Pol\u00edtica de Privacidad - DIGI TEAM AMERICA 2026\",\"isPartOf\":{\"@id\":\"https:\\\/\\\/digiteamerica.com\\\/es\\\/#website\"},\"datePublished\":\"2026-02-18T16:35:40+00:00\",\"dateModified\":\"2026-04-10T14:38:58+00:00\",\"breadcrumb\":{\"@id\":\"https:\\\/\\\/digiteamerica.com\\\/es\\\/politica-de-privacidad\\\/#breadcrumb\"},\"inLanguage\":\"es\",\"potentialAction\":[{\"@type\":\"ReadAction\",\"target\":[\"https:\\\/\\\/digiteamerica.com\\\/es\\\/politica-de-privacidad\\\/\"]}]},{\"@type\":\"BreadcrumbList\",\"@id\":\"https:\\\/\\\/digiteamerica.com\\\/es\\\/politica-de-privacidad\\\/#breadcrumb\",\"itemListElement\":[{\"@type\":\"ListItem\",\"position\":1,\"name\":\"Home\",\"item\":\"https:\\\/\\\/digiteamerica.com\\\/es\\\/\"},{\"@type\":\"ListItem\",\"position\":2,\"name\":\"Pol\u00edtica de Privacidad\"}]},{\"@type\":\"WebSite\",\"@id\":\"https:\\\/\\\/digiteamerica.com\\\/es\\\/#website\",\"url\":\"https:\\\/\\\/digiteamerica.com\\\/es\\\/\",\"name\":\"DIGI TEAM AMERICA 2026\",\"description\":\"\",\"publisher\":{\"@id\":\"https:\\\/\\\/digiteamerica.com\\\/es\\\/#organization\"},\"potentialAction\":[{\"@type\":\"SearchAction\",\"target\":{\"@type\":\"EntryPoint\",\"urlTemplate\":\"https:\\\/\\\/digiteamerica.com\\\/es\\\/?s={search_term_string}\"},\"query-input\":{\"@type\":\"PropertyValueSpecification\",\"valueRequired\":true,\"valueName\":\"search_term_string\"}}],\"inLanguage\":\"es\"},{\"@type\":\"Organization\",\"@id\":\"https:\\\/\\\/digiteamerica.com\\\/es\\\/#organization\",\"name\":\"DIGI TEAM AMERICA 2026\",\"url\":\"https:\\\/\\\/digiteamerica.com\\\/es\\\/\",\"logo\":{\"@type\":\"ImageObject\",\"inLanguage\":\"es\",\"@id\":\"https:\\\/\\\/digiteamerica.com\\\/es\\\/#\\\/schema\\\/logo\\\/image\\\/\",\"url\":\"https:\\\/\\\/digiteamerica.com\\\/es\\\/wp-content\\\/uploads\\\/2026\\\/02\\\/Recurso-1-8.png\",\"contentUrl\":\"https:\\\/\\\/digiteamerica.com\\\/es\\\/wp-content\\\/uploads\\\/2026\\\/02\\\/Recurso-1-8.png\",\"width\":866,\"height\":224,\"caption\":\"DIGI TEAM AMERICA 2026\"},\"image\":{\"@id\":\"https:\\\/\\\/digiteamerica.com\\\/es\\\/#\\\/schema\\\/logo\\\/image\\\/\"},\"sameAs\":[\"https:\\\/\\\/www.facebook.com\\\/agenciamarketingdigitaldta\",\"https:\\\/\\\/www.tiktok.com\\\/@dtamarketing360\",\"https:\\\/\\\/www.linkedin.com\\\/company\\\/dtamarketing360\",\"https:\\\/\\\/www.instagram.com\\\/dtamarketing360\",\"https:\\\/\\\/www.youtube.com\\\/channel\\\/UC2Z0PgYlLFz6x1nfoXWktKg\"]}]}<\/script>\n<!-- \/ Yoast SEO plugin. -->","yoast_head_json":{"title":"Pol\u00edtica de Privacidad - DIGI TEAM AMERICA 2026","robots":{"index":"index","follow":"follow","max-snippet":"max-snippet:-1","max-image-preview":"max-image-preview:large","max-video-preview":"max-video-preview:-1"},"canonical":"https:\/\/digiteamerica.com\/es\/politica-de-privacidad\/","og_locale":"es_ES","og_type":"article","og_title":"Pol\u00edtica de Privacidad - DIGI TEAM AMERICA 2026","og_description":"Pol\u00edtica de Privacidad \u00daltima actualizaci\u00f3n: 24 de febrero de 2026 Introducci\u00f3n Digiteamerica (\u00abCompa\u00f1\u00eda\u00bb, \u00abnosotros\u00bb, \u00abnuestro\u00bb o \u00abnos\u00bb) respeta su privacidad y est\u00e1 comprometida con la protecci\u00f3n de su informaci\u00f3n personal cuando visita nuestro sitio web o utiliza nuestros servicios. Informaci\u00f3n de la Compa\u00f1\u00eda Compa\u00f1\u00eda: DigiteamericaUbicaci\u00f3n: Orlando, Florida, Estados UnidosTel\u00e9fono: +1 (305) 988 1965Correo electr\u00f3nico: management@digiteamerica.com [&hellip;]","og_url":"https:\/\/digiteamerica.com\/es\/politica-de-privacidad\/","og_site_name":"DIGI TEAM AMERICA 2026","article_publisher":"https:\/\/www.facebook.com\/agenciamarketingdigitaldta","article_modified_time":"2026-04-10T14:38:58+00:00","twitter_card":"summary_large_image","twitter_misc":{"Tiempo de lectura":"2 minutos"},"schema":{"@context":"https:\/\/schema.org","@graph":[{"@type":"WebPage","@id":"https:\/\/digiteamerica.com\/es\/politica-de-privacidad\/","url":"https:\/\/digiteamerica.com\/es\/politica-de-privacidad\/","name":"Pol\u00edtica de Privacidad - DIGI TEAM AMERICA 2026","isPartOf":{"@id":"https:\/\/digiteamerica.com\/es\/#website"},"datePublished":"2026-02-18T16:35:40+00:00","dateModified":"2026-04-10T14:38:58+00:00","breadcrumb":{"@id":"https:\/\/digiteamerica.com\/es\/politica-de-privacidad\/#breadcrumb"},"inLanguage":"es","potentialAction":[{"@type":"ReadAction","target":["https:\/\/digiteamerica.com\/es\/politica-de-privacidad\/"]}]},{"@type":"BreadcrumbList","@id":"https:\/\/digiteamerica.com\/es\/politica-de-privacidad\/#breadcrumb","itemListElement":[{"@type":"ListItem","position":1,"name":"Home","item":"https:\/\/digiteamerica.com\/es\/"},{"@type":"ListItem","position":2,"name":"Pol\u00edtica de Privacidad"}]},{"@type":"WebSite","@id":"https:\/\/digiteamerica.com\/es\/#website","url":"https:\/\/digiteamerica.com\/es\/","name":"DIGI TEAM AMERICA 2026","description":"","publisher":{"@id":"https:\/\/digiteamerica.com\/es\/#organization"},"potentialAction":[{"@type":"SearchAction","target":{"@type":"EntryPoint","urlTemplate":"https:\/\/digiteamerica.com\/es\/?s={search_term_string}"},"query-input":{"@type":"PropertyValueSpecification","valueRequired":true,"valueName":"search_term_string"}}],"inLanguage":"es"},{"@type":"Organization","@id":"https:\/\/digiteamerica.com\/es\/#organization","name":"DIGI TEAM AMERICA 2026","url":"https:\/\/digiteamerica.com\/es\/","logo":{"@type":"ImageObject","inLanguage":"es","@id":"https:\/\/digiteamerica.com\/es\/#\/schema\/logo\/image\/","url":"https:\/\/digiteamerica.com\/es\/wp-content\/uploads\/2026\/02\/Recurso-1-8.png","contentUrl":"https:\/\/digiteamerica.com\/es\/wp-content\/uploads\/2026\/02\/Recurso-1-8.png","width":866,"height":224,"caption":"DIGI TEAM AMERICA 2026"},"image":{"@id":"https:\/\/digiteamerica.com\/es\/#\/schema\/logo\/image\/"},"sameAs":["https:\/\/www.facebook.com\/agenciamarketingdigitaldta","https:\/\/www.tiktok.com\/@dtamarketing360","https:\/\/www.linkedin.com\/company\/dtamarketing360","https:\/\/www.instagram.com\/dtamarketing360","https:\/\/www.youtube.com\/channel\/UC2Z0PgYlLFz6x1nfoXWktKg"]}]}},"_links":{"self":[{"href":"https:\/\/digiteamerica.com\/es\/wp-json\/wp\/v2\/pages\/3","targetHints":{"allow":["GET"]}}],"collection":[{"href":"https:\/\/digiteamerica.com\/es\/wp-json\/wp\/v2\/pages"}],"about":[{"href":"https:\/\/digiteamerica.com\/es\/wp-json\/wp\/v2\/types\/page"}],"author":[{"embeddable":true,"href":"https:\/\/digiteamerica.com\/es\/wp-json\/wp\/v2\/users\/1"}],"replies":[{"embeddable":true,"href":"https:\/\/digiteamerica.com\/es\/wp-json\/wp\/v2\/comments?post=3"}],"version-history":[{"count":4,"href":"https:\/\/digiteamerica.com\/es\/wp-json\/wp\/v2\/pages\/3\/revisions"}],"predecessor-version":[{"id":2374,"href":"https:\/\/digiteamerica.com\/es\/wp-json\/wp\/v2\/pages\/3\/revisions\/2374"}],"wp:attachment":[{"href":"https:\/\/digiteamerica.com\/es\/wp-json\/wp\/v2\/media?parent=3"}],"curies":[{"name":"wp","href":"https:\/\/api.w.org\/{rel}","templated":true}]}}